{"id":3840,"date":"2019-09-20T08:14:35","date_gmt":"2019-09-20T08:14:35","guid":{"rendered":"https:\/\/arkamet.pl\/kontakt\/"},"modified":"2023-08-09T09:49:29","modified_gmt":"2023-08-09T07:49:29","slug":"kontakt","status":"publish","type":"page","link":"https:\/\/arkamet.pl\/en\/kontakt\/","title":{"rendered":"Kontakt"},"content":{"rendered":"<section class=\"wpb-content-wrapper\"><p>[vc_row responsive=&#8221;vc_hidden-lg vc_hidden-md vc_hidden-sm vc_hidden-xs&#8221;][vc_column][g5element_heading title=&#8221;Adres&#8221;][g5element_space spacing=&#8221;22&#8243;][\/vc_column][vc_column width=&#8221;1\/2&#8243; offset=&#8221;vc_col-lg-6 vc_col-md-6 vc_col-xs-12&#8243; el_class=&#8221;col-lg-pd-left-right-15&#8243; css=&#8221;.vc_custom_1568970448856{padding-right: 65px !important;}&#8221;][\/vc_column][vc_column width=&#8221;1\/2&#8243; offset=&#8221;vc_col-lg-6 vc_col-md-6 vc_col-xs-12&#8243; el_class=&#8221;col-lg-pd-left-right-15&#8243; css=&#8221;.vc_custom_1568970462007{padding-right: 65px !important;}&#8221;][\/vc_column][\/vc_row][vc_row disable_element=&#8221;yes&#8221;][vc_column el_class=&#8221;contact-space-30&#8243;][g5element_heading title=&#8221;Foreign Sales Department&#8221; el_class=&#8221;robert-jakubowski&#8221;][g5element_space spacing=&#8221;24&#8243;][vc_row_inner][vc_column_inner width=&#8221;1\/2&#8243;][vc_column_text el_class=&#8221;robert-jakubowski&#8221;]Agnieszka Pawlik[\/vc_column_text][vc_column_text]<\/p>\n<p><span class=\"before-icon-monkey\">agnieszka.pawlik@bhz-wp.eu<\/span><br \/>\n<span class=\"before-icon-phone\">+48 880 341 889<\/span><\/p>\n<p>[\/vc_column_text][\/vc_column_inner][vc_column_inner width=&#8221;1\/2&#8243;][vc_column_text el_class=&#8221;robert-jakubowski&#8221;]<\/p>\n<p>Marcin Wilma\u0144ski<\/p>\n<p>[\/vc_column_text][vc_column_text]<span class=\"before-icon-monkey\">marcin.wilmanski@bhz-wp.eu<\/span><br \/>\n<span class=\"before-icon-phone\">+48 880 341 889<\/span>[\/vc_column_text][\/vc_column_inner][\/vc_row_inner][g5element_space][\/vc_column][\/vc_row][vc_row disable_element=&#8221;yes&#8221; responsive=&#8221;vc_hidden-lg vc_hidden-md vc_hidden-sm vc_hidden-xs&#8221;][vc_column el_class=&#8221;contact-space-30&#8243;][g5element_heading title=&#8221;Dane kontaktowe&#8221;][g5element_space spacing=&#8221;24&#8243;][vc_row_inner el_class=&#8221;contact-details&#8221;][vc_column_inner width=&#8221;1\/2&#8243;][vc_column_text]<\/p>\n<h4 class=\"gel-our-team-name\" style=\"margin-bottom: 5px;\">Arkamet Robert Jakubowski<\/h4>\n<p style=\"margin-bottom: 5px; text-align: left;\"><a href=\"mailto:arkamet@wp.pl\"><i class=\"fal fa-envelope\"><\/i> arkamet@wp.pl<\/a><\/p>\n<p style=\"margin-bottom: 5px; text-align: left;\"><a href=\"tel:512049619\"><i class=\"fal fa-phone\"><\/i> +48 512 049 619<\/a><\/p>\n<p>[\/vc_column_text][\/vc_column_inner][vc_column_inner width=&#8221;1\/2&#8243;][\/vc_column_inner][\/vc_row_inner][\/vc_column][\/vc_row][vc_row][vc_column el_class=&#8221;contact-space-30&#8243;][g5element_heading title=&#8221;Foreign sales department&#8221;][g5element_space spacing=&#8221;70&#8243; spacing_md=&#8221;50&#8243;][g5element_slider_container slides_to_show=&#8221;2&#8243; columns_md=&#8221;2&#8243; columns_sm=&#8221;1&#8243; columns_xs=&#8221;1&#8243; el_class=&#8221;custom-our-team custom-slick-arrows-top-100&#8243;][g5element_our_team layout_style=&#8221;style-02&#8243; name=&#8221;Agnieszka Pawlik&#8221; name_typography=&#8221;%7B%22font_family%22%3A%22%22%2C%22font_weight%22%3A%22%22%2C%22font_style%22%3A%22%22%2C%22font_size_lg%22%3A%22%22%2C%22font_size_md%22%3A%22%22%2C%22font_size_sm%22%3A%22%22%2C%22font_size_xs%22%3A%22%22%2C%22align%22%3A%22center%22%2C%22text_transform%22%3A%22%22%2C%22line_height%22%3A%22%22%2C%22letter_spacing%22%3A%22%22%2C%22color%22%3A%22%22%2C%22hover_color%22%3A%22%22%7D&#8221; job=&#8221;export manager&#8221; job_typography=&#8221;%7B%22font_family%22%3A%22%22%2C%22font_weight%22%3A%22%22%2C%22font_style%22%3A%22%22%2C%22font_size_lg%22%3A%22%22%2C%22font_size_md%22%3A%22%22%2C%22font_size_sm%22%3A%22%22%2C%22font_size_xs%22%3A%22%22%2C%22align%22%3A%22center%22%2C%22text_transform%22%3A%22%22%2C%22line_height%22%3A%22%22%2C%22letter_spacing%22%3A%22%22%2C%22color%22%3A%22%22%2C%22hover_color%22%3A%22%22%7D&#8221; description=&#8221;&#8221; avatar=&#8221;3326&#8243; socials=&#8221;%5B%7B%22social_icons%22%3A%22social-facebook%22%7D%5D&#8221; el_class=&#8221;contact-team-single&#8221;][g5element_our_team layout_style=&#8221;style-02&#8243; name=&#8221;Marcin Wilma\u0144ski&#8221; name_typography=&#8221;%7B%22font_family%22%3A%22%22%2C%22font_weight%22%3A%22%22%2C%22font_style%22%3A%22%22%2C%22font_size_lg%22%3A%22%22%2C%22font_size_md%22%3A%22%22%2C%22font_size_sm%22%3A%22%22%2C%22font_size_xs%22%3A%22%22%2C%22align%22%3A%22center%22%2C%22text_transform%22%3A%22%22%2C%22line_height%22%3A%22%22%2C%22letter_spacing%22%3A%22%22%2C%22color%22%3A%22%22%2C%22hover_color%22%3A%22%22%7D&#8221; job=&#8221;export manager&#8221; job_typography=&#8221;%7B%22font_family%22%3A%22%22%2C%22font_weight%22%3A%22%22%2C%22font_style%22%3A%22%22%2C%22font_size_lg%22%3A%22%22%2C%22font_size_md%22%3A%22%22%2C%22font_size_sm%22%3A%22%22%2C%22font_size_xs%22%3A%22%22%2C%22align%22%3A%22center%22%2C%22text_transform%22%3A%22%22%2C%22line_height%22%3A%22%22%2C%22letter_spacing%22%3A%22%22%2C%22color%22%3A%22%22%2C%22hover_color%22%3A%22%22%7D&#8221; description=&#8221;&#8221; avatar=&#8221;3325&#8243; socials=&#8221;%5B%7B%22social_icons%22%3A%22social-facebook%22%7D%5D&#8221; el_class=&#8221;contact-team-single&#8221;][\/g5element_slider_container][\/vc_column][\/vc_row][vc_row disable_element=&#8221;yes&#8221;][vc_column el_class=&#8221;contact-space-30&#8243;][g5element_space spacing=&#8221;20&#8243;][g5element_heading title=&#8221;Formularz kontaktowy&#8221;][g5element_space spacing=&#8221;24&#8243;]\n<div class=\"wpcf7 no-js\" id=\"wpcf7-f5-o1\" lang=\"pl-PL\" dir=\"ltr\">\n<div class=\"screen-reader-response\"><p role=\"status\" aria-live=\"polite\" aria-atomic=\"true\"><\/p> <ul><\/ul><\/div>\n<form action=\"\/en\/wp-json\/wp\/v2\/pages\/3840#wpcf7-f5-o1\" method=\"post\" class=\"wpcf7-form init\" aria-label=\"Formularz kontaktowy\" novalidate=\"novalidate\" data-status=\"init\">\n<div style=\"display: none;\">\n<input type=\"hidden\" name=\"_wpcf7\" value=\"5\" \/>\n<input type=\"hidden\" name=\"_wpcf7_version\" value=\"5.8\" \/>\n<input type=\"hidden\" name=\"_wpcf7_locale\" value=\"pl_PL\" \/>\n<input type=\"hidden\" name=\"_wpcf7_unit_tag\" value=\"wpcf7-f5-o1\" \/>\n<input type=\"hidden\" name=\"_wpcf7_container_post\" value=\"0\" \/>\n<input type=\"hidden\" name=\"_wpcf7_posted_data_hash\" value=\"\" \/>\n<\/div>\n<div class=\"thetis-contact contact-form-04\">\n\t<div class=\"row\">\n\t\t<div class=\"item-contact phone-nuber col-sm-6 col-12\">\n\t\t\t<p><span class=\"wpcf7-form-control-wrap\" data-name=\"text-569\"><input size=\"40\" class=\"wpcf7-form-control wpcf7-text wpcf7-validates-as-required\" aria-required=\"true\" aria-invalid=\"false\" placeholder=\"Imi\u0119 i nazwisko\" value=\"\" type=\"text\" name=\"text-569\" \/><\/span>\n\t\t\t<\/p>\n\t\t<\/div>\n\t\t<div class=\"item-contact email col-sm-6 col-12\">\n\t\t\t<p><span class=\"wpcf7-form-control-wrap\" data-name=\"your-email\"><input size=\"40\" class=\"wpcf7-form-control wpcf7-email wpcf7-validates-as-required wpcf7-text wpcf7-validates-as-email\" aria-required=\"true\" aria-invalid=\"false\" placeholder=\"Email\" value=\"\" type=\"email\" name=\"your-email\" \/><\/span>\n\t\t\t<\/p>\n\t\t<\/div>\n\t<\/div>\n\t<div class=\"row\">\n\t\t<div class=\"item-contact col-12\">\n\t\t\t<p><span class=\"wpcf7-form-control-wrap\" data-name=\"text-614\"><input size=\"40\" class=\"wpcf7-form-control wpcf7-text wpcf7-validates-as-required\" aria-required=\"true\" aria-invalid=\"false\" placeholder=\"Temat\" value=\"\" type=\"text\" name=\"text-614\" \/><\/span>\n\t\t\t<\/p>\n\t\t<\/div>\n\t<\/div>\n\t<div class=\"row\">\n\t\t<div class=\"item-contact col-12\">\n\t\t\t<p><span class=\"wpcf7-form-control-wrap\" data-name=\"textarea-991\"><textarea cols=\"40\" rows=\"10\" class=\"wpcf7-form-control wpcf7-textarea\" aria-invalid=\"false\" placeholder=\"Tre\u015b\u0107 wiadomo\u015bci\" name=\"textarea-991\"><\/textarea><\/span>\n\t\t\t<\/p>\n\t\t<\/div>\n\t<\/div>\n\t<div class=\"row\">\n\t\t<div class=\"item-contact submit col-12\">\n\t\t\t<p><input class=\"wpcf7-form-control wpcf7-submit has-spinner btn btn-outline\" type=\"submit\" value=\"Wy\u015blij\" \/>\n\t\t\t<\/p>\n\t\t<\/div>\n\t<\/div>\n<\/div><div class=\"wpcf7-response-output\" aria-hidden=\"true\"><\/div>\n<\/form>\n<\/div>\n[\/vc_column][\/vc_row][vc_row][vc_column el_class=&#8221;contact-space-30&#8243;][g5element_space spacing=&#8221;20&#8243;][g5element_heading title=&#8221;Location&#8221;][g5element_space spacing=&#8221;24&#8243;][vc_gmaps link=&#8221;#E-8_JTNDaWZyYW1lJTIwc3JjJTNEJTIyaHR0cHMlM0ElMkYlMkZ3d3cuZ29vZ2xlLmNvbSUyRm1hcHMlMkZlbWJlZCUzRnBiJTNEJTIxMW0xOCUyMTFtMTIlMjExbTMlMjExZDI1MTguMDEwNTQ4Njk1Mzg4JTIxMmQxNy40NjcyMDY5NzY5OTMxNTQlMjEzZDUwLjg2ODAwNDQ1NzIxMTAzJTIxMm0zJTIxMWYwJTIxMmYwJTIxM2YwJTIxM20yJTIxMWkxMDI0JTIxMmk3NjglMjE0ZjEzLjElMjEzbTMlMjExbTIlMjExczB4NDcxMDJmYjQ5NGY2NzJmMyUyNTNBMHg0NTdhYmFjMjJiY2U1MDc3JTIxMnNLcmFrdXNhJTI1MjAzJTI1MkMlMjUyMDQ5LTMwNiUyNTIwQnJ6ZWclMjE1ZTAlMjEzbTIlMjExc2VuJTIxMnNwbCUyMTR2MTY4NDc0NzQ1MTg2MyUyMTVtMiUyMTFzcGwlMjEyc3BsJTIyJTIwd2lkdGglM0QlMjI2MDAlMjIlMjBoZWlnaHQlM0QlMjI0NTAlMjIlMjBzdHlsZSUzRCUyMmJvcmRlciUzQTAlM0IlMjIlMjBhbGxvd2Z1bGxzY3JlZW4lM0QlMjIlMjIlMjBsb2FkaW5nJTNEJTIybGF6eSUyMiUyMHJlZmVycmVycG9saWN5JTNEJTIybm8tcmVmZXJyZXItd2hlbi1kb3duZ3JhZGUlMjIlM0UlM0MlMkZpZnJhbWUlM0U=&#8221;][\/vc_column][\/vc_row]<\/p>\n<\/section>","protected":false},"excerpt":{"rendered":"<p>[vc_row responsive=&#8221;vc_hidden-lg vc_hidden-md vc_hidden-sm vc_hidden-xs&#8221;][vc_column][g5element_heading title=&#8221;Adres&#8221;][g5element_space spacing=&#8221;22&#8243;][\/vc_column][vc_column width=&#8221;1\/2&#8243; offset=&#8221;vc_col-lg-6 vc_col-md-6 vc_col-xs-12&#8243; el_class=&#8221;col-lg-pd-left-right-15&#8243; css=&#8221;.vc_custom_1568970448856{padding-right: 65px !important;}&#8221;][\/vc_column][vc_column width=&#8221;1\/2&#8243; offset=&#8221;vc_col-lg-6 vc_col-md-6 vc_col-xs-12&#8243; el_class=&#8221;col-lg-pd-left-right-15&#8243; css=&#8221;.vc_custom_1568970462007{padding-right: 65px !important;}&#8221;][\/vc_column][\/vc_row][vc_row disable_element=&#8221;yes&#8221;][vc_column el_class=&#8221;contact-space-30&#8243;][g5element_heading title=&#8221;Foreign Sales Department&#8221; el_class=&#8221;robert-jakubowski&#8221;][g5element_space spacing=&#8221;24&#8243;][vc_row_inner][vc_column_inner width=&#8221;1\/2&#8243;][vc_column_text el_class=&#8221;robert-jakubowski&#8221;]Agnieszka Pawlik[\/vc_column_text][vc_column_text] agnieszka.pawlik@bhz-wp.eu +48 880 341 889 [\/vc_column_text][\/vc_column_inner][vc_column_inner width=&#8221;1\/2&#8243;][vc_column_text el_class=&#8221;robert-jakubowski&#8221;] Marcin Wilma\u0144ski [\/vc_column_text][vc_column_text]marcin.wilmanski@bhz-wp.eu +48 880 341 889[\/vc_column_text][\/vc_column_inner][\/vc_row_inner][g5element_space][\/vc_column][\/vc_row][vc_row disable_element=&#8221;yes&#8221; responsive=&#8221;vc_hidden-lg vc_hidden-md vc_hidden-sm vc_hidden-xs&#8221;][vc_column el_class=&#8221;contact-space-30&#8243;][g5element_heading title=&#8221;Dane [&hellip;]<\/p>\n","protected":false},"author":2,"featured_media":0,"parent":0,"menu_order":0,"comment_status":"closed","ping_status":"closed","template":"","meta":{"footnotes":""},"_links":{"self":[{"href":"https:\/\/arkamet.pl\/en\/wp-json\/wp\/v2\/pages\/3840"}],"collection":[{"href":"https:\/\/arkamet.pl\/en\/wp-json\/wp\/v2\/pages"}],"about":[{"href":"https:\/\/arkamet.pl\/en\/wp-json\/wp\/v2\/types\/page"}],"author":[{"embeddable":true,"href":"https:\/\/arkamet.pl\/en\/wp-json\/wp\/v2\/users\/2"}],"replies":[{"embeddable":true,"href":"https:\/\/arkamet.pl\/en\/wp-json\/wp\/v2\/comments?post=3840"}],"version-history":[{"count":30,"href":"https:\/\/arkamet.pl\/en\/wp-json\/wp\/v2\/pages\/3840\/revisions"}],"predecessor-version":[{"id":4510,"href":"https:\/\/arkamet.pl\/en\/wp-json\/wp\/v2\/pages\/3840\/revisions\/4510"}],"wp:attachment":[{"href":"https:\/\/arkamet.pl\/en\/wp-json\/wp\/v2\/media?parent=3840"}],"curies":[{"name":"wp","href":"https:\/\/api.w.org\/{rel}","templated":true}]}}